{"id":12707,"date":"2024-03-19T09:08:58","date_gmt":"2024-03-19T09:08:58","guid":{"rendered":"https:\/\/elcaminoess.com\/crea-os-teus-propios-roteiros"},"modified":"2024-03-19T09:18:46","modified_gmt":"2024-03-19T09:18:46","slug":"crea-os-teus-propios-roteiros","status":"publish","type":"page","link":"https:\/\/elcaminoess.com\/gl\/crea-os-teus-propios-roteiros","title":{"rendered":"Crea os teus propios roteiros"},"content":{"rendered":"\n<h2 class=\"wp-block-heading\">Crea os teus propios roteiros<\/h2>\n\n<p>Avent\u00farache a crear novos cami\u00f1os e percorridos, conectando experiencias entre comunidades aut\u00f3nomas<\/p>\n\n<h5 class=\"wp-block-heading\"><a href=\"https:\/\/map.proxi.co\/r\/NA3WqCHmHHuQlB8a3v09\" data-type=\"link\" data-id=\"https:\/\/map.proxi.co\/r\/NA3WqCHmHHuQlB8a3v09\"><strong>Ver mapa a pantalla completa<\/strong><\/a><\/h5>\n\n<p><iframe loading=\"lazy\" src=\"https:\/\/map.proxi.co\/r\/BVqzZP5XSAlhii_r07AG\" allow=\"geolocation; clipboard-write\" width=\"100%\" height=\"700px\" style=\"border-width: 0px;\" allowfullscreen=\"\"><\/iframe><\/p><div style=\"font-family: Sans-Serif; font-size:12px;color:#000000;opacity:0.5; padding-top: 5px;\"> powered by <a href=\"https:\/\/www.proxi.co\/?utm_source=poweredbyproxi\" style=\"color:#000000\" target=\"_blank\" rel=\"noopener\">Proxi<\/a> <\/div>\n","protected":false},"excerpt":{"rendered":"<p>Avent\u00farache a crear novos cami\u00f1os e percorridos, conectando experiencias entre comunidades aut\u00f3nomas<\/p>\n","protected":false},"author":1,"featured_media":10832,"parent":0,"menu_order":0,"comment_status":"closed","ping_status":"closed","template":"","meta":{"advanced_seo_description":"","jetpack_seo_html_title":"","jetpack_seo_noindex":false,"footnotes":""},"class_list":["post-12707","page","type-page","status-publish","has-post-thumbnail","hentry"],"jetpack_sharing_enabled":true,"_links":{"self":[{"href":"https:\/\/elcaminoess.com\/gl\/wp-json\/wp\/v2\/pages\/12707","targetHints":{"allow":["GET"]}}],"collection":[{"href":"https:\/\/elcaminoess.com\/gl\/wp-json\/wp\/v2\/pages"}],"about":[{"href":"https:\/\/elcaminoess.com\/gl\/wp-json\/wp\/v2\/types\/page"}],"author":[{"embeddable":true,"href":"https:\/\/elcaminoess.com\/gl\/wp-json\/wp\/v2\/users\/1"}],"replies":[{"embeddable":true,"href":"https:\/\/elcaminoess.com\/gl\/wp-json\/wp\/v2\/comments?post=12707"}],"version-history":[{"count":3,"href":"https:\/\/elcaminoess.com\/gl\/wp-json\/wp\/v2\/pages\/12707\/revisions"}],"predecessor-version":[{"id":12710,"href":"https:\/\/elcaminoess.com\/gl\/wp-json\/wp\/v2\/pages\/12707\/revisions\/12710"}],"wp:featuredmedia":[{"embeddable":true,"href":"https:\/\/elcaminoess.com\/gl\/wp-json\/wp\/v2\/media\/10832"}],"wp:attachment":[{"href":"https:\/\/elcaminoess.com\/gl\/wp-json\/wp\/v2\/media?parent=12707"}],"curies":[{"name":"wp","href":"https:\/\/api.w.org\/{rel}","templated":true}]}}