{"id":12288,"date":"2024-03-06T10:31:10","date_gmt":"2024-03-06T10:31:10","guid":{"rendered":"https:\/\/elcaminoess.com\/recursos"},"modified":"2024-03-11T18:30:48","modified_gmt":"2024-03-11T18:30:48","slug":"recursos","status":"publish","type":"page","link":"https:\/\/elcaminoess.com\/gl\/recursos","title":{"rendered":"Recursos"},"content":{"rendered":"\n<h2 class=\"wp-block-heading\">Recursos: Dez ideas sobre turismo e econom\u00eda social e solidaria<\/h2>\n\n<p><strong>Alg\u00fans recursos para integrar perspectivas feministas:<\/strong><br\/> Seminario RIPESS \u201cPerspectiva de x\u00e9nero e econom\u00eda feminista\u201d ( <a href=\"https:\/\/www.ripess.org\/economia-solo-puede-ser-solidaria-es-feminista-repaso-del-3er-webinario-mujeres-ess-de-ripess\/?lang=es\">ligaz\u00f3n<\/a> ).<br\/>Perspectiva feminista e \u00e9tica do coidado. Gu\u00eda de autodiagn\u00f3stico para organizaci\u00f3ns ( <a href=\"https:\/\/eticadelacura.lafede.cat\/wp-content\/uploads\/2019\/02\/SembrantCures_Guia_cast.pdf\">ligaz\u00f3n<\/a> ).<br\/>Economistas sen fronteiras: \u201cO enfoque de x\u00e9nero na econom\u00eda social e solidaria: Achegas da econom\u00eda feminista\u201d ( <a href=\"https:\/\/ecosfron.org\/wp-content\/uploads\/Dossieres-EsF-25-El-enfoque-de-g%C3%A9nero-en-la-ESS.pdf\">ligaz\u00f3n<\/a> ).<\/p>\n\n<p><strong>Algunhas ferramentas e recursos para a ESS:<\/strong><br\/> \u201cFerramentas para o emprendemento na ESS\u201d de Reas CLM ( <a href=\"https:\/\/reasclm.org\/herramientas-emprender\/\">ligaz\u00f3n<\/a> )<br\/>Recursos para a Innovaci\u00f3n Social, Desenvolvemento Local, Econom\u00eda Solidaria e Cooperativas de Reas Arag\u00f3n (ligaz\u00f3n)<br\/>TurismESS de Calidoscoop ( <a href=\"https:\/\/www.calidoscoop.coop\/projectes\/turismess-cap-a-una-nova-cultura-del-turisme-a-barcelona\/\">ligaz\u00f3n )<\/a><br\/>Publicaci\u00f3ns e ferramentas da OIT sobre cooperativas ( <a href=\"https:\/\/www.ilo.org\/global\/topics\/cooperatives\/publications\/lang--es\/index.htm\">ligaz\u00f3n )<\/a><\/p>\n\n<p><strong>Alg\u00fans recursos e ferramentas para facer plans de viabilidade<\/strong><br\/> \u201cCaixa de ferramentas para o emprendemento social e solidario\u201d de Economistas sen Fronteiras ( <a href=\"https:\/\/ecosfron.org\/wp-content\/uploads\/2022\/12\/Presentacion-kit-de-herramientas-iii_vdef3.pdf\">ligaz\u00f3n<\/a> )<br\/>\u201cFerramentas para a creaci\u00f3n e posta en marcha de proxectos ESS. Recursos e ferramentas das comunidades aut\u00f3nomas\u201d de Emprende.coop ( <a href=\"https:\/\/www.emprende.coop\/#bloqueplan\">ligaz\u00f3n )<\/a><br\/>\u201cGu\u00eda de econom\u00eda social e solidaria\u201d de CCOO ( <a href=\"https:\/\/www.ccoo.es\/7b87c937a2a31bec210192511b97d5f2000001.pdf\">ligaz\u00f3n<\/a> )<\/p>\n","protected":false},"excerpt":{"rendered":"<p>Recursos: Dez ideas sobre turismo e econom\u00eda social e solidaria Alg\u00fans recursos para integrar perspectivas feministas:&hellip;<\/p>\n","protected":false},"author":1,"featured_media":0,"parent":0,"menu_order":0,"comment_status":"closed","ping_status":"closed","template":"","meta":{"advanced_seo_description":"","jetpack_seo_html_title":"","jetpack_seo_noindex":false,"footnotes":""},"class_list":["post-12288","page","type-page","status-publish","hentry"],"jetpack_sharing_enabled":true,"_links":{"self":[{"href":"https:\/\/elcaminoess.com\/gl\/wp-json\/wp\/v2\/pages\/12288","targetHints":{"allow":["GET"]}}],"collection":[{"href":"https:\/\/elcaminoess.com\/gl\/wp-json\/wp\/v2\/pages"}],"about":[{"href":"https:\/\/elcaminoess.com\/gl\/wp-json\/wp\/v2\/types\/page"}],"author":[{"embeddable":true,"href":"https:\/\/elcaminoess.com\/gl\/wp-json\/wp\/v2\/users\/1"}],"replies":[{"embeddable":true,"href":"https:\/\/elcaminoess.com\/gl\/wp-json\/wp\/v2\/comments?post=12288"}],"version-history":[{"count":1,"href":"https:\/\/elcaminoess.com\/gl\/wp-json\/wp\/v2\/pages\/12288\/revisions"}],"predecessor-version":[{"id":12294,"href":"https:\/\/elcaminoess.com\/gl\/wp-json\/wp\/v2\/pages\/12288\/revisions\/12294"}],"wp:attachment":[{"href":"https:\/\/elcaminoess.com\/gl\/wp-json\/wp\/v2\/media?parent=12288"}],"curies":[{"name":"wp","href":"https:\/\/api.w.org\/{rel}","templated":true}]}}