{"id":11522,"date":"2019-08-19T06:49:33","date_gmt":"2019-08-19T06:49:33","guid":{"rendered":"https:\/\/elcaminoess.com\/contacto"},"modified":"2024-03-19T08:08:27","modified_gmt":"2024-03-19T08:08:27","slug":"contacto","status":"publish","type":"page","link":"https:\/\/elcaminoess.com\/gl\/contacto","title":{"rendered":"Contacto"},"content":{"rendered":"\n<p>CONTACTO<\/p>\n\n<div class=\"wp-block-columns is-layout-flex wp-container-core-columns-is-layout-9d6595d7 wp-block-columns-is-layout-flex\">\n<div class=\"wp-block-column is-layout-flow wp-block-column-is-layout-flow\" style=\"flex-basis:80%\">\n<h3 class=\"wp-block-heading alignwide has-text-color has-link-color wp-elements-06df498bd64ea872a002a1e43b4625af\" style=\"color:#7881b5\"><strong>Se tes algunha d\u00fabida ou consulta, non dubides en preguntarnos. Aqu\u00ed podes atopar unha relaci\u00f3n de contactos, informaci\u00f3n xeral e espec\u00edfica de cada comunidade aut\u00f3noma.  <\/strong><\/h3>\n\n\n\n<h4 class=\"wp-block-heading\" style=\"font-size:20px\">Se o que queres \u00e9 falar directamente cunha experiencia tur\u00edstica, podes atopar a s\u00faa informaci\u00f3n de contacto no resumo da s\u00faa p\u00e1xina ou na s\u00faa pestana +INFO.  <\/h4>\n<\/div>\n\n\n\n<div class=\"wp-block-column is-layout-flow wp-block-column-is-layout-flow\" style=\"flex-basis:50%\">\n<p><\/p>\n<\/div>\n<\/div>\n\n<figure class=\"wp-block-image size-large\"><img data-recalc-dims=\"1\" loading=\"lazy\" decoding=\"async\" width=\"525\" height=\"187\" src=\"https:\/\/i0.wp.com\/experiencias.elcaminoess.com\/wp-content\/uploads\/2024\/01\/ccaa-elcamino-ess-1024x364.png?resize=525%2C187&#038;ssl=1\" alt=\"\" class=\"wp-image-7015\" srcset=\"https:\/\/i0.wp.com\/elcaminoess.com\/wp-content\/uploads\/2024\/01\/ccaa-elcamino-ess.png?resize=1024%2C364&amp;ssl=1 1024w, https:\/\/i0.wp.com\/elcaminoess.com\/wp-content\/uploads\/2024\/01\/ccaa-elcamino-ess.png?resize=300%2C107&amp;ssl=1 300w, https:\/\/i0.wp.com\/elcaminoess.com\/wp-content\/uploads\/2024\/01\/ccaa-elcamino-ess.png?resize=768%2C273&amp;ssl=1 768w, https:\/\/i0.wp.com\/elcaminoess.com\/wp-content\/uploads\/2024\/01\/ccaa-elcamino-ess.png?resize=1536%2C547&amp;ssl=1 1536w, https:\/\/i0.wp.com\/elcaminoess.com\/wp-content\/uploads\/2024\/01\/ccaa-elcamino-ess.png?resize=600%2C214&amp;ssl=1 600w, https:\/\/i0.wp.com\/elcaminoess.com\/wp-content\/uploads\/2024\/01\/ccaa-elcamino-ess.png?w=1835&amp;ssl=1 1835w\" sizes=\"auto, (max-width: 525px) 100vw, 525px\" \/><\/figure>\n\n<div class=\"wp-block-columns is-layout-flex wp-container-core-columns-is-layout-9d6595d7 wp-block-columns-is-layout-flex\">\n<div class=\"wp-block-column is-layout-flow wp-block-column-is-layout-flow\">\n<h3 class=\"wp-block-heading\"><strong>\u2192 XERAL<\/strong><\/h3>\n\n\n\n<p style=\"font-size:20px\">ola@elcaminoess.com<\/p>\n<\/div>\n\n\n\n<div class=\"wp-block-column is-layout-flow wp-block-column-is-layout-flow\">\n<h3 class=\"wp-block-heading\"><strong>\u2192 CATALU\u00d1A<\/strong><\/h3>\n\n\n\n<p style=\"font-size:20px\">catalunya@elcaminoess.com  <\/p>\n<\/div>\n\n\n\n<div class=\"wp-block-column is-layout-flow wp-block-column-is-layout-flow\">\n<h3 class=\"wp-block-heading\"><strong>\u2192 ARAG\u00d3N<\/strong><\/h3>\n\n\n\n<p style=\"font-size:20px\">aragon@elcaminoess.com<\/p>\n<\/div>\n<\/div>\n\n<div class=\"wp-block-columns is-layout-flex wp-container-core-columns-is-layout-9d6595d7 wp-block-columns-is-layout-flex\">\n<div class=\"wp-block-column is-layout-flow wp-block-column-is-layout-flow\">\n<h3 class=\"wp-block-heading\"><strong>\u2192 A RIOJA<\/strong><\/h3>\n\n\n\n<p style=\"font-size:20px\">larioja@elcaminoess.com<\/p>\n\n\n\n<p><strong> <\/strong><\/p>\n<\/div>\n\n\n\n<div class=\"wp-block-column is-layout-flow wp-block-column-is-layout-flow\">\n<h3 class=\"wp-block-heading\"><strong>\u2192 CASTELA E LE\u00d3N<\/strong><\/h3>\n\n\n\n<p style=\"font-size:20px\">castillaleon@elcaminoess.com<\/p>\n<\/div>\n\n\n\n<div class=\"wp-block-column is-layout-flow wp-block-column-is-layout-flow\">\n<h3 class=\"wp-block-heading\"><strong>\u2192 GALICIA<\/strong><\/h3>\n\n\n\n<p style=\"font-size:20px\">galicia@elcaminoess.com<\/p>\n<\/div>\n<\/div>\n\n<div style=\"height:50px\" aria-hidden=\"true\" class=\"wp-block-spacer\"><\/div>\n\n<div class=\"wp-block-columns are-vertically-aligned-top is-layout-flex wp-container-core-columns-is-layout-9d6595d7 wp-block-columns-is-layout-flex\">\n<div class=\"wp-block-column is-vertically-aligned-top is-layout-flow wp-block-column-is-layout-flow\" style=\"flex-basis:33.33%\">\n<h3 class=\"wp-block-heading alignwide has-text-color has-link-color wp-elements-bd559e89bd0c2bd8f3aa00c3c6aed602\" style=\"color:#7881b5;font-size:22px;font-style:normal;font-weight:500\"><strong>Queres co\u00f1ecer as \u00faltimas novidades sobre CAMINO ESS?<\/strong><\/h3>\n\n\n\n<h4 class=\"wp-block-heading\" style=\"font-size:20px\">Non te preocupes, non te molestaremos moito, e se o facemos&#8230;<br\/>Podes cancelar a subscrici\u00f3n cando queiras! \ud83d\ude09<\/h4>\n\n\n\n<div class=\"wp-block-buttons alignwide is-layout-flex wp-block-buttons-is-layout-flex\">\n<div class=\"wp-block-button has-custom-width wp-block-button__width-100 is-style-fill\"><a class=\"wp-block-button__link has-text-color has-background has-link-color wp-element-button\" href=\"http:\/\/eepurl.com\/iiCm59\" style=\"color:#ffffff;background-color:#7881b5\" target=\"_blank\" rel=\"noreferrer noopener\">Subscr\u00edbete<\/a><\/div>\n<\/div>\n<\/div>\n\n\n\n<div class=\"wp-block-column is-vertically-aligned-top is-layout-flow wp-block-column-is-layout-flow\" style=\"flex-basis:66.66%\"><div class=\"wp-block-image\">\n<figure class=\"alignleft size-large is-resized\"><img data-recalc-dims=\"1\" loading=\"lazy\" decoding=\"async\" width=\"525\" height=\"593\" src=\"https:\/\/i0.wp.com\/elcaminoess.com\/wp-content\/uploads\/2024\/01\/100-personas.png?resize=525%2C593&#038;ssl=1\" alt=\"\" class=\"wp-image-7092\" style=\"width:535px;height:auto\" srcset=\"https:\/\/i0.wp.com\/elcaminoess.com\/wp-content\/uploads\/2024\/01\/100-personas.png?resize=907%2C1024&amp;ssl=1 907w, https:\/\/i0.wp.com\/elcaminoess.com\/wp-content\/uploads\/2024\/01\/100-personas.png?resize=266%2C300&amp;ssl=1 266w, https:\/\/i0.wp.com\/elcaminoess.com\/wp-content\/uploads\/2024\/01\/100-personas.png?resize=768%2C867&amp;ssl=1 768w, https:\/\/i0.wp.com\/elcaminoess.com\/wp-content\/uploads\/2024\/01\/100-personas.png?resize=1360%2C1536&amp;ssl=1 1360w, https:\/\/i0.wp.com\/elcaminoess.com\/wp-content\/uploads\/2024\/01\/100-personas.png?resize=1814%2C2048&amp;ssl=1 1814w, https:\/\/i0.wp.com\/elcaminoess.com\/wp-content\/uploads\/2024\/01\/100-personas.png?resize=600%2C677&amp;ssl=1 600w, https:\/\/i0.wp.com\/elcaminoess.com\/wp-content\/uploads\/2024\/01\/100-personas.png?w=1050&amp;ssl=1 1050w, https:\/\/i0.wp.com\/elcaminoess.com\/wp-content\/uploads\/2024\/01\/100-personas.png?w=1575&amp;ssl=1 1575w\" sizes=\"auto, (max-width: 525px) 100vw, 525px\" \/><\/figure>\n<\/div><\/div>\n<\/div>\n","protected":false},"excerpt":{"rendered":"<p>CONTACTO Se tes algunha d\u00fabida ou consulta, non dubides en preguntarnos. Aqu\u00ed podes atopar unha relaci\u00f3n&hellip;<\/p>\n","protected":false},"author":1,"featured_media":9880,"parent":0,"menu_order":0,"comment_status":"closed","ping_status":"closed","template":"","meta":{"advanced_seo_description":"","jetpack_seo_html_title":"","jetpack_seo_noindex":false,"footnotes":""},"class_list":["post-11522","page","type-page","status-publish","has-post-thumbnail","hentry"],"jetpack_sharing_enabled":true,"_links":{"self":[{"href":"https:\/\/elcaminoess.com\/gl\/wp-json\/wp\/v2\/pages\/11522","targetHints":{"allow":["GET"]}}],"collection":[{"href":"https:\/\/elcaminoess.com\/gl\/wp-json\/wp\/v2\/pages"}],"about":[{"href":"https:\/\/elcaminoess.com\/gl\/wp-json\/wp\/v2\/types\/page"}],"author":[{"embeddable":true,"href":"https:\/\/elcaminoess.com\/gl\/wp-json\/wp\/v2\/users\/1"}],"replies":[{"embeddable":true,"href":"https:\/\/elcaminoess.com\/gl\/wp-json\/wp\/v2\/comments?post=11522"}],"version-history":[{"count":3,"href":"https:\/\/elcaminoess.com\/gl\/wp-json\/wp\/v2\/pages\/11522\/revisions"}],"predecessor-version":[{"id":12160,"href":"https:\/\/elcaminoess.com\/gl\/wp-json\/wp\/v2\/pages\/11522\/revisions\/12160"}],"wp:featuredmedia":[{"embeddable":true,"href":"https:\/\/elcaminoess.com\/gl\/wp-json\/wp\/v2\/media\/9880"}],"wp:attachment":[{"href":"https:\/\/elcaminoess.com\/gl\/wp-json\/wp\/v2\/media?parent=11522"}],"curies":[{"name":"wp","href":"https:\/\/api.w.org\/{rel}","templated":true}]}}