{"id":11515,"date":"2023-05-21T16:11:03","date_gmt":"2023-05-21T16:11:03","guid":{"rendered":"https:\/\/elcaminoess.com\/destinos"},"modified":"2024-03-04T09:37:30","modified_gmt":"2024-03-04T09:37:30","slug":"destinos","status":"publish","type":"page","link":"https:\/\/elcaminoess.com\/gl\/destinos","title":{"rendered":"Destinos"},"content":{"rendered":"\n<p>DESTINOS<\/p>\n\n<div class=\"wp-block-columns is-layout-flex wp-container-core-columns-is-layout-9d6595d7 wp-block-columns-is-layout-flex\">\n<div class=\"wp-block-column is-layout-flow wp-block-column-is-layout-flow\" style=\"flex-basis:66.66%\">\n<h3 class=\"wp-block-heading has-text-color has-link-color wp-elements-0e6b0f5ae04bf9ea443c967a00c48026\" style=\"color:#7881b5\"><strong>Ofrec\u00e9mosche unha alternativa tur\u00edstica a trav\u00e9s de experiencias sostibles e responsables en <span style=\"text-decoration: underline;\"><a href=\"https:\/\/elcaminoess.com\/gl\/destinos\/cataluna-gl\">Catalu\u00f1a<\/a><\/span> , <span style=\"text-decoration: underline;\"><a href=\"https:\/\/elcaminoess.com\/gl\/destinos\/aragon-gl\">Arag\u00f3n<\/a><\/span> , <span style=\"text-decoration: underline;\"><a href=\"https:\/\/experiencias.elcaminoess.com\/destinos\/la-rioja\">A Rioxa<\/a><\/span> , <span style=\"text-decoration: underline;\"><a href=\"https:\/\/elcaminoess.com\/gl\/destinos\/castela-e-leon\">Castela e Le\u00f3n<\/a><\/span> e <span style=\"text-decoration: underline;\"><a href=\"https:\/\/elcaminoess.com\/gl\/destinos\/galicia-gl\">Galicia<\/a><\/span><\/strong><\/h3>\n\n\n\n<h4 class=\"wp-block-heading\"><strong>Te atreves?<\/strong><\/h4>\n<\/div>\n\n\n\n<div class=\"wp-block-column is-layout-flow wp-block-column-is-layout-flow\" style=\"flex-basis:33.33%\"><\/div>\n<\/div>\n\n<div style=\"height:11px\" aria-hidden=\"true\" class=\"wp-block-spacer\"><\/div>\n\n<div class=\"wp-block-columns is-layout-flex wp-container-core-columns-is-layout-9d6595d7 wp-block-columns-is-layout-flex\">\n<div class=\"wp-block-column is-layout-flow wp-block-column-is-layout-flow\">\n<h3 class=\"wp-block-heading\"><a href=\"https:\/\/elcaminoess.com\/gl\/destinos\/cataluna-gl\">\u2192 <strong>CATALU\u00d1A<\/strong><\/a><\/h3>\n\n\n\n<h5 class=\"wp-block-heading\" style=\"font-size:16px\">Explora a Catalu\u00f1a Sostible e Cooperativa a trav\u00e9s da Cultura, a Gastronom\u00eda e os Valores Sociais da Comarca.<\/h5>\n\n\n\n<figure class=\"wp-block-image size-full\"><a href=\"https:\/\/elcaminoess.com\/gl\/destinos\/cataluna-gl\"><img data-recalc-dims=\"1\" loading=\"lazy\" decoding=\"async\" width=\"525\" height=\"394\" src=\"https:\/\/i0.wp.com\/experiencias.elcaminoess.com\/wp-content\/uploads\/2024\/01\/lolivera-edited.jpg?resize=525%2C394&#038;ssl=1\" alt=\"\" class=\"wp-image-6912\" srcset=\"https:\/\/i0.wp.com\/elcaminoess.com\/wp-content\/uploads\/2024\/01\/lolivera-edited.jpg?w=712&amp;ssl=1 712w, https:\/\/i0.wp.com\/elcaminoess.com\/wp-content\/uploads\/2024\/01\/lolivera-edited.jpg?resize=300%2C225&amp;ssl=1 300w, https:\/\/i0.wp.com\/elcaminoess.com\/wp-content\/uploads\/2024\/01\/lolivera-edited.jpg?resize=600%2C450&amp;ssl=1 600w\" sizes=\"auto, (max-width: 525px) 100vw, 525px\" \/><\/a><\/figure>\n<\/div>\n\n\n\n<div class=\"wp-block-column is-layout-flow wp-block-column-is-layout-flow\">\n<h3 class=\"wp-block-heading\"><strong><a href=\"https:\/\/elcaminoess.com\/gl\/destinos\/aragon-gl\">\u2192 ARAG\u00d3N<\/a><\/strong><\/h3>\n\n\n\n<h5 class=\"wp-block-heading\" style=\"font-size:16px\">Arag\u00f3n desde perspectivas agroalimentarias, vivenciais e sostibles, proporcionando unha conexi\u00f3n aut\u00e9ntica coa cultura e o medio ambiente da rexi\u00f3n.<\/h5>\n\n\n\n<figure class=\"wp-block-image size-large\"><a href=\"https:\/\/elcaminoess.com\/gl\/destinos\/aragon-gl\"><img data-recalc-dims=\"1\" loading=\"lazy\" decoding=\"async\" width=\"525\" height=\"394\" src=\"https:\/\/i0.wp.com\/experiencias.elcaminoess.com\/wp-content\/uploads\/2024\/01\/20200928181716361-edited.jpg?resize=525%2C394&#038;ssl=1\" alt=\"\" class=\"wp-image-6913\" srcset=\"https:\/\/i0.wp.com\/elcaminoess.com\/wp-content\/uploads\/2024\/01\/20200928181716361-edited.jpg?w=900&amp;ssl=1 900w, https:\/\/i0.wp.com\/elcaminoess.com\/wp-content\/uploads\/2024\/01\/20200928181716361-edited.jpg?resize=300%2C225&amp;ssl=1 300w, https:\/\/i0.wp.com\/elcaminoess.com\/wp-content\/uploads\/2024\/01\/20200928181716361-edited.jpg?resize=768%2C576&amp;ssl=1 768w, https:\/\/i0.wp.com\/elcaminoess.com\/wp-content\/uploads\/2024\/01\/20200928181716361-edited.jpg?resize=600%2C450&amp;ssl=1 600w\" sizes=\"auto, (max-width: 525px) 100vw, 525px\" \/><\/a><\/figure>\n<\/div>\n\n\n\n<div class=\"wp-block-column is-layout-flow wp-block-column-is-layout-flow\">\n<h3 class=\"wp-block-heading\"><strong><a href=\"https:\/\/experiencias.elcaminoess.com\/destinos\/la-rioja\">\u2192 A RIOJA<\/a><\/strong><\/h3>\n\n\n\n<h5 class=\"wp-block-heading\" style=\"font-size:16px\">A Rioxa \u00e9 m\u00e1is que vi\u00f1o, desc\u00f3breo a trav\u00e9s de experiencias aut\u00e9nticas onde tradici\u00f3n e creatividade se entrelazan no mundo rural.<\/h5>\n\n\n\n<figure class=\"wp-block-image size-large\"><a href=\"https:\/\/experiencias.elcaminoess.com\/destinos\/la-rioja\"><img data-recalc-dims=\"1\" loading=\"lazy\" decoding=\"async\" width=\"525\" height=\"394\" src=\"https:\/\/i0.wp.com\/experiencias.elcaminoess.com\/wp-content\/uploads\/2024\/01\/81071533-kqVG-1248x770%40La-Rioja-edited.jpg?resize=525%2C394&#038;ssl=1\" alt=\"\" class=\"wp-image-6914\" srcset=\"https:\/\/i0.wp.com\/elcaminoess.com\/wp-content\/uploads\/2024\/01\/81071533-kqVG-1248x770%40La-Rioja-edited.jpg?w=1027&amp;ssl=1 1027w, https:\/\/i0.wp.com\/elcaminoess.com\/wp-content\/uploads\/2024\/01\/81071533-kqVG-1248x770%40La-Rioja-edited.jpg?resize=300%2C225&amp;ssl=1 300w, https:\/\/i0.wp.com\/elcaminoess.com\/wp-content\/uploads\/2024\/01\/81071533-kqVG-1248x770%40La-Rioja-edited.jpg?resize=1024%2C768&amp;ssl=1 1024w, https:\/\/i0.wp.com\/elcaminoess.com\/wp-content\/uploads\/2024\/01\/81071533-kqVG-1248x770%40La-Rioja-edited.jpg?resize=768%2C576&amp;ssl=1 768w, https:\/\/i0.wp.com\/elcaminoess.com\/wp-content\/uploads\/2024\/01\/81071533-kqVG-1248x770%40La-Rioja-edited.jpg?resize=600%2C450&amp;ssl=1 600w\" sizes=\"auto, (max-width: 525px) 100vw, 525px\" \/><\/a><\/figure>\n<\/div>\n<\/div>\n\n<div class=\"wp-block-columns is-layout-flex wp-container-core-columns-is-layout-9d6595d7 wp-block-columns-is-layout-flex\">\n<div class=\"wp-block-column is-layout-flow wp-block-column-is-layout-flow\">\n<h3 class=\"wp-block-heading\"><strong><a href=\"https:\/\/elcaminoess.com\/gl\/destinos\/castela-e-leon\">\u2192 CASTELA E LE\u00d3N<\/a><\/strong><\/h3>\n\n\n\n<h5 class=\"wp-block-heading\" style=\"font-size:16px\">Unha viaxe cara \u00e1 riqueza de Castela e Le\u00f3n a trav\u00e9s de experiencias \u00fanicas que conectan coa esencia da comarca.<\/h5>\n\n\n\n<figure class=\"wp-block-image size-full\"><a href=\"https:\/\/elcaminoess.com\/gl\/destinos\/castela-e-leon\"><img data-recalc-dims=\"1\" loading=\"lazy\" decoding=\"async\" width=\"525\" height=\"394\" src=\"https:\/\/i0.wp.com\/experiencias.elcaminoess.com\/wp-content\/uploads\/2024\/01\/1703504477463-edited.jpg?resize=525%2C394&#038;ssl=1\" alt=\"\" class=\"wp-image-6916\" srcset=\"https:\/\/i0.wp.com\/elcaminoess.com\/wp-content\/uploads\/2024\/01\/1703504477463-edited.jpg?w=1080&amp;ssl=1 1080w, https:\/\/i0.wp.com\/elcaminoess.com\/wp-content\/uploads\/2024\/01\/1703504477463-edited.jpg?resize=300%2C225&amp;ssl=1 300w, https:\/\/i0.wp.com\/elcaminoess.com\/wp-content\/uploads\/2024\/01\/1703504477463-edited.jpg?resize=1024%2C768&amp;ssl=1 1024w, https:\/\/i0.wp.com\/elcaminoess.com\/wp-content\/uploads\/2024\/01\/1703504477463-edited.jpg?resize=768%2C576&amp;ssl=1 768w, https:\/\/i0.wp.com\/elcaminoess.com\/wp-content\/uploads\/2024\/01\/1703504477463-edited.jpg?resize=600%2C450&amp;ssl=1 600w\" sizes=\"auto, (max-width: 525px) 100vw, 525px\" \/><\/a><\/figure>\n<\/div>\n\n\n\n<div class=\"wp-block-column is-layout-flow wp-block-column-is-layout-flow\">\n<h3 class=\"wp-block-heading\"><strong><a href=\"https:\/\/elcaminoess.com\/gl\/destinos\/galicia-gl\">\u2192 GALICIA<\/a><\/strong><\/h3>\n\n\n\n<h5 class=\"wp-block-heading\" style=\"font-size:16px\">Merg\u00fallate na Esencia Galega: Natureza, Gastronom\u00eda e Cultura Local en Experiencias Aut\u00e9nticas, que che far\u00e1n sentir como en casa.<\/h5>\n\n\n\n<figure class=\"wp-block-image size-large\"><a href=\"https:\/\/elcaminoess.com\/gl\/destinos\/galicia-gl\"><img data-recalc-dims=\"1\" loading=\"lazy\" decoding=\"async\" width=\"525\" height=\"394\" src=\"https:\/\/i0.wp.com\/experiencias.elcaminoess.com\/wp-content\/uploads\/2024\/01\/Paisaxe-submarina-1-1024x768.jpg?resize=525%2C394&#038;ssl=1\" alt=\"\" class=\"wp-image-6646\" srcset=\"https:\/\/i0.wp.com\/elcaminoess.com\/wp-content\/uploads\/2024\/01\/Paisaxe-submarina-1.jpg?resize=1024%2C768&amp;ssl=1 1024w, https:\/\/i0.wp.com\/elcaminoess.com\/wp-content\/uploads\/2024\/01\/Paisaxe-submarina-1.jpg?resize=300%2C225&amp;ssl=1 300w, https:\/\/i0.wp.com\/elcaminoess.com\/wp-content\/uploads\/2024\/01\/Paisaxe-submarina-1.jpg?resize=768%2C576&amp;ssl=1 768w, https:\/\/i0.wp.com\/elcaminoess.com\/wp-content\/uploads\/2024\/01\/Paisaxe-submarina-1.jpg?resize=600%2C450&amp;ssl=1 600w, https:\/\/i0.wp.com\/elcaminoess.com\/wp-content\/uploads\/2024\/01\/Paisaxe-submarina-1.jpg?w=1440&amp;ssl=1 1440w\" sizes=\"auto, (max-width: 525px) 100vw, 525px\" \/><\/a><\/figure>\n<\/div>\n\n\n\n<div class=\"wp-block-column is-layout-flow wp-block-column-is-layout-flow\">\n<p><\/p>\n<\/div>\n<\/div>\n","protected":false},"excerpt":{"rendered":"<p>DESTINOS Ofrec\u00e9mosche unha alternativa tur\u00edstica a trav\u00e9s de experiencias sostibles e responsables en Catalu\u00f1a , Arag\u00f3n&hellip;<\/p>\n","protected":false},"author":1,"featured_media":0,"parent":0,"menu_order":0,"comment_status":"closed","ping_status":"closed","template":"","meta":{"advanced_seo_description":"","jetpack_seo_html_title":"","jetpack_seo_noindex":false,"footnotes":""},"class_list":["post-11515","page","type-page","status-publish","hentry"],"jetpack_sharing_enabled":true,"_links":{"self":[{"href":"https:\/\/elcaminoess.com\/gl\/wp-json\/wp\/v2\/pages\/11515","targetHints":{"allow":["GET"]}}],"collection":[{"href":"https:\/\/elcaminoess.com\/gl\/wp-json\/wp\/v2\/pages"}],"about":[{"href":"https:\/\/elcaminoess.com\/gl\/wp-json\/wp\/v2\/types\/page"}],"author":[{"embeddable":true,"href":"https:\/\/elcaminoess.com\/gl\/wp-json\/wp\/v2\/users\/1"}],"replies":[{"embeddable":true,"href":"https:\/\/elcaminoess.com\/gl\/wp-json\/wp\/v2\/comments?post=11515"}],"version-history":[{"count":9,"href":"https:\/\/elcaminoess.com\/gl\/wp-json\/wp\/v2\/pages\/11515\/revisions"}],"predecessor-version":[{"id":12152,"href":"https:\/\/elcaminoess.com\/gl\/wp-json\/wp\/v2\/pages\/11515\/revisions\/12152"}],"wp:attachment":[{"href":"https:\/\/elcaminoess.com\/gl\/wp-json\/wp\/v2\/media?parent=11515"}],"curies":[{"name":"wp","href":"https:\/\/api.w.org\/{rel}","templated":true}]}}