{"id":12286,"date":"2024-03-06T10:31:10","date_gmt":"2024-03-06T10:31:10","guid":{"rendered":"https:\/\/elcaminoess.com\/recursos"},"modified":"2024-03-11T18:30:48","modified_gmt":"2024-03-11T18:30:48","slug":"recursos","status":"publish","type":"page","link":"https:\/\/elcaminoess.com\/ca\/recursos","title":{"rendered":"Recursos"},"content":{"rendered":"\n<h2 class=\"wp-block-heading\">Recursos: Deu idees sobre turisme i economia social i solid\u00e0ria<\/h2>\n\n<p><strong>Alguns recursos per integrar perspectives feministes:<\/strong><br\/> Seminari RIPESS \u201cPerspectiva de g\u00e8nere i economia feminista\u201d ( <a href=\"https:\/\/www.ripess.org\/economia-solo-puede-ser-solidaria-es-feminista-repaso-del-3er-webinario-mujeres-ess-de-ripess\/?lang=es\">enlla\u00e7<\/a> ).<br\/>Perspectiva feminista i \u00e8tica de la cura. Guia d&#8217;autodiagnosi per a organitzacions ( <a href=\"https:\/\/eticadelacura.lafede.cat\/wp-content\/uploads\/2019\/02\/SembrantCures_Guia_cast.pdf\">enlla\u00e7<\/a> ).<br\/>Economistes sense fronteres: \u201cL&#8217;enfocament de g\u00e8nere a l&#8217;economia social i solid\u00e0ria: Aportacions de l&#8217;economia feminista\u201d ( <a href=\"https:\/\/ecosfron.org\/wp-content\/uploads\/Dossieres-EsF-25-El-enfoque-de-g%C3%A9nero-en-la-ESS.pdf\">enlla\u00e7<\/a> ).<\/p>\n\n<p><strong>Algunes eines i recursos per a l&#8217;ESS:<\/strong><br\/> \u201cEines per emprendre a ESS\u201d de Reas CLM ( <a href=\"https:\/\/reasclm.org\/herramientas-emprender\/\">enlla\u00e7<\/a> )<br\/>Recursos per a la Innovaci\u00f3 Social, el Desenvolupament Local, l&#8217;Economia Solid\u00e0ria i el Cooperativisme de Reas Arag\u00f3n (enlla\u00e7)<br\/>TurismESS de Calidoscoop ( <a href=\"https:\/\/www.calidoscoop.coop\/projectes\/turismess-cap-a-una-nova-cultura-del-turisme-a-barcelona\/\">enlla\u00e7)<\/a><br\/>Publicacions i eines sobre les cooperatives de l&#8217;OIT ( <a href=\"https:\/\/www.ilo.org\/global\/topics\/cooperatives\/publications\/lang--es\/index.htm\">enlla\u00e7)<\/a><\/p>\n\n<p><strong>Alguns recursos i eines per fer plans de viabilitat<\/strong><br\/> &#8220;Kit d&#8217;eines per a l&#8217;emprenedoria social i solid\u00e0ria&#8221; d&#8217;Economistes sense Fronteres ( <a href=\"https:\/\/ecosfron.org\/wp-content\/uploads\/2022\/12\/Presentacion-kit-de-herramientas-iii_vdef3.pdf\">enlla\u00e7<\/a> )<br\/>\u201cEines per a la creaci\u00f3 i posada en marxa de projectes ESS. Recursos i eines per comunitats aut\u00f2nomes\u201d d&#8217;Emprende.coop ( <a href=\"https:\/\/www.emprende.coop\/#bloqueplan\">enlla\u00e7)<\/a><br\/>Guia sobre l&#8217;economia social i solid\u00e0ria de CCOO ( <a href=\"https:\/\/www.ccoo.es\/7b87c937a2a31bec210192511b97d5f2000001.pdf\">enlla\u00e7<\/a> )<\/p>\n","protected":false},"excerpt":{"rendered":"<p>Recursos: Deu idees sobre turisme i economia social i solid\u00e0ria Alguns recursos per integrar perspectives feministes:&hellip;<\/p>\n","protected":false},"author":1,"featured_media":0,"parent":0,"menu_order":0,"comment_status":"closed","ping_status":"closed","template":"","meta":{"advanced_seo_description":"","jetpack_seo_html_title":"","jetpack_seo_noindex":false,"footnotes":""},"class_list":["post-12286","page","type-page","status-publish","hentry"],"jetpack_sharing_enabled":true,"_links":{"self":[{"href":"https:\/\/elcaminoess.com\/ca\/wp-json\/wp\/v2\/pages\/12286","targetHints":{"allow":["GET"]}}],"collection":[{"href":"https:\/\/elcaminoess.com\/ca\/wp-json\/wp\/v2\/pages"}],"about":[{"href":"https:\/\/elcaminoess.com\/ca\/wp-json\/wp\/v2\/types\/page"}],"author":[{"embeddable":true,"href":"https:\/\/elcaminoess.com\/ca\/wp-json\/wp\/v2\/users\/1"}],"replies":[{"embeddable":true,"href":"https:\/\/elcaminoess.com\/ca\/wp-json\/wp\/v2\/comments?post=12286"}],"version-history":[{"count":1,"href":"https:\/\/elcaminoess.com\/ca\/wp-json\/wp\/v2\/pages\/12286\/revisions"}],"predecessor-version":[{"id":12289,"href":"https:\/\/elcaminoess.com\/ca\/wp-json\/wp\/v2\/pages\/12286\/revisions\/12289"}],"wp:attachment":[{"href":"https:\/\/elcaminoess.com\/ca\/wp-json\/wp\/v2\/media?parent=12286"}],"curies":[{"name":"wp","href":"https:\/\/api.w.org\/{rel}","templated":true}]}}