{"id":12197,"date":"2024-03-06T10:34:45","date_gmt":"2024-03-06T10:34:45","guid":{"rendered":"https:\/\/elcaminoess.com\/?page_id=12197"},"modified":"2024-03-06T10:39:08","modified_gmt":"2024-03-06T10:39:08","slug":"bibliografia","status":"publish","type":"page","link":"https:\/\/elcaminoess.com\/ca\/bibliografia","title":{"rendered":"Bibliograf\u00eda"},"content":{"rendered":"\n<h2 class=\"wp-block-heading\">Bibliograf\u00eda: Diez ideas sobre turismo y econom\u00eda social y solidaria<\/h2>\n\n\n\n<p>Alfonso, Santiago (07\/10\/2021). Un d\u00f3nut para salvar la econom\u00eda (y el planeta). Ethic. En l\u00ednea:&nbsp;<a href=\"https:\/\/ethic.es\/2021\/10\/un-donut-para-salvar-la-economia\/\">https:\/\/ethic.es\/2021\/10\/un-donut-para-salvar-la-economia\/<\/a><\/p>\n\n\n\n<p>Atienza, Mar\u00eda &amp; Crespo, Blanca (2023). Emprender en la econom\u00eda solidaria. Alternativas econ\u00f3micas, (118). En l\u00ednea:&nbsp;<a href=\"https:\/\/alternativaseconomicas.coop\/articulo\/analisis\/emprender-en-la-economia-solidaria\">https:\/\/alternativaseconomicas.coop\/articulo\/analisis\/emprender-en-la-economia-solidaria<\/a><\/p>\n\n\n\n<p>Bigby, Bobbie C.; Edgar, Joseph &amp; Higgins-Desbiolles, Freya (2023). Place-based Governance in Tourism: Placing Local Communities at the Centre of Tourism. En: Freya Higgins-Desbiolles &amp; Bobbie Chew Bigby (eds.), The Local Turn In Tourism. Empowering Communities. Channel View Publications, pp. 31-53.<\/p>\n\n\n\n<p>Ca\u00f1ada, Ernest &amp; Izcara, Carla (2023). Stop domingos y festivos. Alba Sud. En l\u00ednea:&nbsp;<a href=\"https:\/\/www.albasud.org\/noticia\/es\/1469\/stop-domingos-y-festivos\">https:\/\/www.albasud.org\/noticia\/es\/1469\/stop-domingos-y-festivos<\/a><\/p>\n\n\n\n<p>Ca\u00f1ada, Ernest &amp; Izcara, Carla (2021). Turismos de proximidad, un plural en disputa. Icaria Antracyt.<\/p>\n\n\n\n<p>Casado D\u00edaz, Jos\u00e9 Manuel; Seva, Jorge; Sim\u00f3n, Hip\u00f3lito &amp; Sim\u00f3n-Albert, Raquel (2022). La precariedad laboral en el turismo en Espa\u00f1a. Econom\u00eda Industrial. 2022, 426: 45-53. En l\u00ednea:&nbsp;<a href=\"https:\/\/www.mincotur.gob.es\/Publicaciones\/Publicacionesperiodicas\/EconomiaIndustrial\/RevistaEconomiaIndustrial\/426\/CASADO,%20SEVA,%20SIMON%20Y%20SIMON%20ALBERT.pdf\">https:\/\/www.mincotur.gob.es\/Publicaciones\/Publicacionesperiodicas\/EconomiaIndustrial\/RevistaEconomiaIndustrial\/426\/CASADO,%20SEVA,%20SIMON%20Y%20SIMON%20ALBERT.pdf<\/a><\/p>\n\n\n\n<p>Faecta (2016). Manual de intercooperaci\u00f3n tur\u00edstica cooperativa: Buenas pr\u00e1cticas para la intercooperaci\u00f3n. Turismo andaluz responsable. El turismo de otro modo. Vinculaci\u00f3n con el COOPROUTE y cooperativas, econom\u00eda verde y azul en Andaluc\u00eda. En l\u00ednea:&nbsp;<a href=\"https:\/\/www.faecta.coop\/fileadmin\/documentos\/PDF_FAECTA\/7_Manual_Intercooperacion.pdf\">https:\/\/www.faecta.coop\/fileadmin\/documentos\/PDF_FAECTA\/7_Manual_Intercooperacion.pdf<\/a><\/p>\n\n\n\n<p>Ferrari, S. (2021). El turismo comunitario urbano como forma de re-existencia cultural y laboral. El modelo de Barrio Egipto (Bogot\u00e1). Cuestiones de Sociolog\u00eda, 24, e115. https:\/\/doi.org\/10.24215\/23468904e115<br>Fletcher, Robert; Blanco-Romero, Asunci\u00f3n; Bl\u00e1zquez-Salom, Maci\u00e0; Ca\u00f1ada, Ernest; Murray, Ivan &amp; Sekulova, Filka (2021). Caminos hacia un turismo post-capitalista. Alba Sud Editorial, Informes en Contraste, n\u00fam. 18. En l\u00ednea:&nbsp;<a href=\"https:\/\/www.albasud.org\/publicacion\/es\/104\/caminos-hacia-un-turismo-post-capitalista\">https:\/\/www.albasud.org\/publicacion\/es\/104\/caminos-hacia-un-turismo-post-capitalista<\/a><\/p>\n\n\n\n<p>Gilles Caire. (2023). Tourism Sector and the Social and Solidarity Economy. In Ilcheong Yi et al. (Eds.), Encyclopedia of the Social and Solidarity Economy. Edward Elgar Publishing Limited in partnership with United Nations Inter-Agency Task Force on Social and Solidarity Economy (UNTFSSE). En l\u00ednea:&nbsp;<a href=\"https:\/\/knowledgehub.unsse.org\/wp-content\/uploads\/2022\/05\/Encylopedia-Knowledge_Hub_37.pdf\">https:\/\/knowledgehub.unsse.org\/wp-content\/uploads\/2022\/05\/Encylopedia-Knowledge_Hub_37.pdf<\/a><\/p>\n\n\n\n<p>Higgins-Desbiolles, Freya &amp; Bigby, Bobbie Chew (eds.) (2023), The Local Turn In Tourism. Empowering Communities. Channel View Publications.<\/p>\n\n\n\n<p>INE (2022). Personas no viajeras por ingresos del hogar, seg\u00fan motivos para no viajar (%). Instituto Nacional de Estad\u00edstica. En l\u00ednea: https:\/\/www.ine.es\/jaxiT3\/Datos.htm?t=25872#!tabs-tabla<\/p>\n\n\n\n<p>Low-Tech Lab (2019). Low Tech\u2019s Lab Manifesto: The future is Low-Tech! Low-Tech Lab. En l\u00ednea:&nbsp;<a href=\"https:\/\/lowtechlab.org\/en\/news-blog\/le-manifeste-du-low-tech-lab\">https:\/\/lowtechlab.org\/en\/news-blog\/le-manifeste-du-low-tech-lab<\/a><\/p>\n\n\n\n<p>OIT (n.d.). La econom\u00eda social y solidaria. Recursos de la econom\u00eda social y solidaria \u2013 Organizaci\u00f3n Internacional del Trabajo. En l\u00ednea:&nbsp;<a href=\"https:\/\/www.ilo.org\/global\/topics\/cooperatives\/areas-of-work\/WCMS_681357\/lang--es\/index.htm\">https:\/\/www.ilo.org\/global\/topics\/cooperatives\/areas-of-work\/WCMS_681357\/lang\u2013es\/index.htm<\/a><\/p>\n\n\n\n<p>Prats, Fernando; Herrero, Yayo &amp; Torrego, Alicia (2017). La gran encrucijada. Sobre la crisis ecosocial y el cambio de ciclo hist\u00f3rico. Libros en Acci\u00f3n. En l\u00ednea:&nbsp;<a href=\"https:\/\/blogs.fuhem.es\/forotransiciones\/wp-content\/uploads\/sites\/51\/2017\/05\/GranEncrucijada_feb2017_baja.pdf\">https:\/\/blogs.fuhem.es\/forotransiciones\/wp-content\/uploads\/sites\/51\/2017\/05\/GranEncrucijada_feb2017_baja.pdf<\/a><\/p>\n\n\n\n<p>Raed, Jonathan (2020). Trabajadores del Bauen: \u00abAc\u00e1 no termina nada, ac\u00e1 empieza todo\u00bb. La Tinta (06\/10\/2020). En l\u00ednea:&nbsp;<a href=\"https:\/\/latinta.com.ar\/2020\/10\/06\/trabajadores-bauen-aca-empieza-todo\/\">https:\/\/latinta.com.ar\/2020\/10\/06\/trabajadores-bauen-aca-empieza-todo\/<\/a><\/p>\n\n\n\n<p>Renouard, C\u00e9cile; Beau, R\u00e9mi; Goupil, Christophe &amp; Koenig, Christian (dir.) (2020). Manuel de la grande transition. Les Liens qui Lib\u00e8rent.<\/p>\n\n\n\n<p>Soler, David (2023). Propostes econ\u00f2miques i socials per la reconversi\u00f3 de la ind\u00fastria tur\u00edstica. Assamblea de Barris per al Decreixement Tur\u00edstic (ABDT). En l\u00ednea:&nbsp;<a href=\"https:\/\/assembleabarris.files.wordpress.com\/2023\/04\/reconversio-turistica-propostes-economiques-i-socials.pdf\">https:\/\/assembleabarris.files.wordpress.com\/2023\/04\/reconversio-turistica-propostes-economiques-i-socials.pdf<\/a><\/p>\n\n\n\n<p>Sustainable Travel International (2023). Carbon Footprint of Tourism.&nbsp;<a href=\"https:\/\/sustainabletravel.org\/issues\/carbon-footprint-tourism\/\">https:\/\/sustainabletravel.org\/issues\/carbon-footprint-tourism\/<\/a><\/p>\n\n\n\n<p>Yoldi, Marta (2023). Menos mesas y familiares que ayudan: as\u00ed afronta la hosteler\u00eda la falta de camareros. Cinco D\u00edas. En l\u00ednea:&nbsp;<a href=\"https:\/\/cincodias.elpais.com\/extras\/2023-07-12\/menos-mesas-y-familiares-que-ayudan-asi-afronta-la-hosteleria-la-falta-de-camareros.html\">https:\/\/cincodias.elpais.com\/extras\/2023-07-12\/menos-mesas-y-familiares-que-ayudan-asi-afronta-la-hosteleria-la-falta-de-camareros.html<\/a><\/p>\n","protected":false},"excerpt":{"rendered":"<p>Bibliograf\u00eda: Diez ideas sobre turismo y econom\u00eda social y solidaria Alfonso, Santiago (07\/10\/2021). Un d\u00f3nut para&hellip;<\/p>\n","protected":false},"author":1,"featured_media":0,"parent":0,"menu_order":0,"comment_status":"closed","ping_status":"closed","template":"","meta":{"advanced_seo_description":"","jetpack_seo_html_title":"","jetpack_seo_noindex":false,"footnotes":""},"class_list":["post-12197","page","type-page","status-publish","hentry"],"jetpack_sharing_enabled":true,"_links":{"self":[{"href":"https:\/\/elcaminoess.com\/ca\/wp-json\/wp\/v2\/pages\/12197","targetHints":{"allow":["GET"]}}],"collection":[{"href":"https:\/\/elcaminoess.com\/ca\/wp-json\/wp\/v2\/pages"}],"about":[{"href":"https:\/\/elcaminoess.com\/ca\/wp-json\/wp\/v2\/types\/page"}],"author":[{"embeddable":true,"href":"https:\/\/elcaminoess.com\/ca\/wp-json\/wp\/v2\/users\/1"}],"replies":[{"embeddable":true,"href":"https:\/\/elcaminoess.com\/ca\/wp-json\/wp\/v2\/comments?post=12197"}],"version-history":[{"count":1,"href":"https:\/\/elcaminoess.com\/ca\/wp-json\/wp\/v2\/pages\/12197\/revisions"}],"predecessor-version":[{"id":12200,"href":"https:\/\/elcaminoess.com\/ca\/wp-json\/wp\/v2\/pages\/12197\/revisions\/12200"}],"wp:attachment":[{"href":"https:\/\/elcaminoess.com\/ca\/wp-json\/wp\/v2\/media?parent=12197"}],"curies":[{"name":"wp","href":"https:\/\/api.w.org\/{rel}","templated":true}]}}