{"id":11535,"date":"2019-08-19T06:49:07","date_gmt":"2019-08-19T06:49:07","guid":{"rendered":"https:\/\/elcaminoess.com\/home"},"modified":"2024-03-19T09:45:17","modified_gmt":"2024-03-19T09:45:17","slug":"home","status":"publish","type":"page","link":"https:\/\/elcaminoess.com\/ca","title":{"rendered":"Home"},"content":{"rendered":"\n<p><strong>Destacats<\/strong><\/p>\n\n<p>Totes les experi\u00e8ncies per CCAA<\/p>\n\n<h2 class=\"wp-block-heading\">el Cam\u00ed ESS Qu\u00e8 \u00e9s?<\/h2>\n\n<p><\/p>\n\n<h2 class=\"wp-block-heading\">Coneix el territori<\/h2>\n\n<p><a href=\"https:\/\/elcaminoess.com\/las-mejores-experiencias-gastronomicas-2\"><\/a><\/p>\n\n<p><a href=\"https:\/\/elcaminoess.com\/las-mejores-experiencias-gastronomicas-2\"><\/a><\/p>\n\n<h2 class=\"wp-block-heading\"><a href=\"https:\/\/elcaminoess.com\/las-mejores-experiencias-gastronomicas-2\">Les millors experi\u00e8ncies gastron\u00f2miques<\/a><\/h2>\n\n<p>MAPA<\/p>\n\n<h2 class=\"wp-block-heading\">Crea les teves pr\u00f2pies rutes<\/h2>\n\n<p>Aventura&#8217;t a crear nous camins i recorreguts, connectant experi\u00e8ncies entre comunitats aut\u00f2nomes<\/p>\n\n<p><a href=\"https:\/\/map.proxi.co\/r\/NA3WqCHmHHuQlB8a3v09\">Crea les teves pr\u00f2pies rutes Veure mapa \u2192Previous<\/a><\/p>\n\n<h2 class=\"wp-block-heading\"><a href=\"https:\/\/elcaminoess.com\/ca\/destinos\/catalunya\"><\/a><\/h2>\n\n<h2 class=\"wp-block-heading\"><a href=\"https:\/\/elcaminoess.com\/ca\/destinos\/galicia-ca\"><\/a><\/h2>\n\n<h2 class=\"wp-block-heading\"><a href=\"https:\/\/elcaminoess.com\/ca\/destinos\/la-rioja-ca\"><\/a><\/h2>\n\n<h2 class=\"wp-block-heading\"><a href=\"https:\/\/elcaminoess.com\/ca\/destinos\/aragon-ca\"><\/a><\/h2>\n\n<h2 class=\"wp-block-heading\"><a href=\"https:\/\/elcaminoess.com\/ca\/destinos\/castella-i-lleo\"><\/a><\/h2>\n\n<h2 class=\"wp-block-heading\"><a href=\"https:\/\/elcaminoess.com\/ca\/destinos\/catalunya\"><\/a><\/h2>\n\n<h2 class=\"wp-block-heading\"><a href=\"https:\/\/elcaminoess.com\/ca\/destinos\/galicia-ca\"><\/a><\/h2>\n\n<h2 class=\"wp-block-heading\"><a href=\"https:\/\/elcaminoess.com\/ca\/destinos\/la-rioja-ca\"><\/a><\/h2>\n\n<h2 class=\"wp-block-heading\"><a href=\"https:\/\/elcaminoess.com\/ca\/destinos\/aragon-ca\"><\/a><\/h2>\n\n<h2 class=\"wp-block-heading\"><a href=\"https:\/\/elcaminoess.com\/ca\/destinos\/castella-i-lleo\"><\/a><\/h2>\n\n<h2 class=\"wp-block-heading\"><a href=\"https:\/\/elcaminoess.com\/ca\/destinos\/catalunya\"><\/a><\/h2>\n\n<h2 class=\"wp-block-heading\"><a href=\"https:\/\/elcaminoess.com\/ca\/destinos\/galicia-ca\"><\/a><\/h2>\n\n<h2 class=\"wp-block-heading\"><a href=\"https:\/\/elcaminoess.com\/ca\/destinos\/la-rioja-ca\"><\/a><\/h2>\n\n<p>Next<\/p>\n","protected":false},"excerpt":{"rendered":"<p>Destacats Totes les experi\u00e8ncies per CCAA el Cam\u00ed ESS Qu\u00e8 \u00e9s? Coneix el territori Les millors&hellip;<\/p>\n","protected":false},"author":1,"featured_media":0,"parent":0,"menu_order":0,"comment_status":"closed","ping_status":"closed","template":"","meta":{"advanced_seo_description":"","jetpack_seo_html_title":"","jetpack_seo_noindex":false,"footnotes":""},"class_list":["post-11535","page","type-page","status-publish","hentry"],"jetpack_sharing_enabled":true,"_links":{"self":[{"href":"https:\/\/elcaminoess.com\/ca\/wp-json\/wp\/v2\/pages\/11535","targetHints":{"allow":["GET"]}}],"collection":[{"href":"https:\/\/elcaminoess.com\/ca\/wp-json\/wp\/v2\/pages"}],"about":[{"href":"https:\/\/elcaminoess.com\/ca\/wp-json\/wp\/v2\/types\/page"}],"author":[{"embeddable":true,"href":"https:\/\/elcaminoess.com\/ca\/wp-json\/wp\/v2\/users\/1"}],"replies":[{"embeddable":true,"href":"https:\/\/elcaminoess.com\/ca\/wp-json\/wp\/v2\/comments?post=11535"}],"version-history":[{"count":2,"href":"https:\/\/elcaminoess.com\/ca\/wp-json\/wp\/v2\/pages\/11535\/revisions"}],"predecessor-version":[{"id":12723,"href":"https:\/\/elcaminoess.com\/ca\/wp-json\/wp\/v2\/pages\/11535\/revisions\/12723"}],"wp:attachment":[{"href":"https:\/\/elcaminoess.com\/ca\/wp-json\/wp\/v2\/media?parent=11535"}],"curies":[{"name":"wp","href":"https:\/\/api.w.org\/{rel}","templated":true}]}}